{"id":2699,"date":"2019-11-13T12:14:25","date_gmt":"2019-11-13T11:14:25","guid":{"rendered":"https:\/\/www.estri.fr\/?page_id=2699"},"modified":"2022-03-29T11:36:35","modified_gmt":"2022-03-29T09:36:35","slug":"our-team","status":"publish","type":"page","link":"https:\/\/www.estri.fr\/en\/our-team\/","title":{"rendered":"Our team"},"content":{"rendered":"<h2 class=\"wp-block-heading\">Board<\/h2><ul class=\"wp-block-list\"><li>Dominique VINAY, Director<\/li><li>Vanessa ELETTO, Deputy Director<\/li><li>Ali MOSTFA, Director of the University Partnerships<\/li><\/ul><div class=\"wp-block-separator js-fade-scroll\"><\/div><h2 class=\"wp-block-heading\">Academy<\/h2><ul class=\"wp-block-list\"><li>Fr\u00e9d\u00e9rique THEPAULT, undergraduate programme Officer<\/li><li>Francesco GIANNETTO, graduate programme Officer<\/li><li>Laura NOSENGO, complementary languages Officer<\/li><\/ul><div class=\"wp-block-separator js-fade-scroll\"><\/div><h2 class=\"wp-block-heading\">Programmes<\/h2><ul class=\"wp-block-list\"><li>Ahlam HADDADI,\u00a0Marketing Manager<\/li><\/ul><div class=\"wp-block-separator js-fade-scroll\"><\/div><h2 class=\"wp-block-heading\">University relationship<\/h2><ul class=\"wp-block-list\"><li>Clarisse LAPILLONNE, Incoming mobility project Officer<\/li><li>Fr\u00e9d\u00e9rique THEPAULT, relationship manager with the LEA department of the University of Lumi\u00e8re Lyon 2<\/li><\/ul><div class=\"wp-block-separator js-fade-scroll\"><\/div><h2 class=\"wp-block-heading\">Administration<\/h2><ul class=\"wp-block-list\"><li>Val\u00e9rie ALAMI, University Administrative Officer<\/li><li>Laure BELIARD, Institute Assistant<\/li><li>Typhaine DEMONT, Institute Assistant<\/li><li>Yves GRATALOUP, Institute Assistant<\/li><\/ul><div class=\"wp-block-separator js-fade-scroll\"><\/div><h2 class=\"wp-block-heading\">Business<\/h2><ul class=\"wp-block-list\"><li>Marilyne AURIAT, business relationship and end-of-studies internships Officer<\/li><li>Francis BUIL, professional internships Officer for spanish-speaking countries (S06 et S08)<\/li><li>Ansgar PR\u00d6BSTING, professional internships Officer for german-speaking countries (S06 et S08)<\/li><li>Clarisse LAPILLONNE, socio-professional immersion internships Officer for english-speaking, anglo-saxon and asian countries (S06 et S08)<\/li><li>Laura NOSENGO, professional internships Officer for Italia (S06 et S08)<\/li><\/ul><div class=\"wp-block-separator js-fade-scroll\"><\/div><h2 class=\"wp-block-heading\">Information, promotion et communication<\/h2><ul class=\"wp-block-list\"><li>Clotilde BACQUET, Communication Officer<\/li><\/ul><div class=\"wp-block-separator js-fade-scroll\"><\/div><h2 class=\"wp-block-heading\">Research<\/h2><ul class=\"wp-block-list\"><li>Ali MOSTFA, Director of the University Partnerships<\/li><\/ul><div class=\"wp-block-separator js-fade-scroll\"><\/div><h2 class=\"wp-block-heading\">Approved examination centre of Cambridge English <\/h2><ul class=\"wp-block-list\"><li>Andrew SPRAGGINS, Deputy Director<\/li><li>Claire NEGRELLO, Executive Assistant <\/li><\/ul>","protected":false},"excerpt":{"rendered":"<p>BoardDominique VINAY, DirectorVanessa ELETTO, Deputy DirectorAli MOSTFA, Director of the University PartnershipsAcademyFr\u00e9d\u00e9rique THEPAULT, undergraduate programme OfficerFrancesco GIANNETTO, graduate programme OfficerLaura NOSENGO, complementary languages OfficerProgrammesAhlam [&hellip;]<\/p>\n","protected":false},"author":35,"featured_media":20074,"parent":0,"menu_order":3,"comment_status":"closed","ping_status":"closed","template":"","meta":{"_acf_changed":false,"footnotes":""},"class_list":["post-2699","page","type-page","status-publish","has-post-thumbnail","hentry"],"acf":[],"yoast_head":"<!-- This site is optimized with the Yoast SEO plugin v24.1 - https:\/\/yoast.com\/wordpress\/plugins\/seo\/ -->\n<title>Our team - ESTRI - School for international careers<\/title>\n<meta name=\"robots\" content=\"index, follow, max-snippet:-1, max-image-preview:large, max-video-preview:-1\" \/>\n<link rel=\"canonical\" href=\"https:\/\/www.estri.fr\/en\/our-team\/\" \/>\n<meta property=\"og:locale\" content=\"en_US\" \/>\n<meta property=\"og:type\" content=\"article\" \/>\n<meta property=\"og:title\" content=\"Our team - ESTRI - School for international careers\" \/>\n<meta property=\"og:description\" content=\"BoardDominique VINAY, DirectorVanessa ELETTO, Deputy DirectorAli MOSTFA, Director of the University PartnershipsAcademyFr\u00e9d\u00e9rique THEPAULT, undergraduate programme OfficerFrancesco GIANNETTO, graduate programme OfficerLaura NOSENGO, complementary languages OfficerProgrammesAhlam [&hellip;]\" \/>\n<meta property=\"og:url\" content=\"https:\/\/www.estri.fr\/en\/our-team\/\" \/>\n<meta property=\"og:site_name\" content=\"ESTRI - School for international careers\" \/>\n<meta property=\"article:modified_time\" content=\"2022-03-29T09:36:35+00:00\" \/>\n<meta property=\"og:image\" content=\"https:\/\/www.estri.fr\/wp-content\/uploads\/sites\/17\/2021\/10\/page_notreequipe-1920x576.jpg\" \/>\n\t<meta property=\"og:image:width\" content=\"1920\" \/>\n\t<meta property=\"og:image:height\" content=\"1280\" \/>\n\t<meta property=\"og:image:type\" content=\"image\/jpeg\" \/>\n<meta name=\"twitter:card\" content=\"summary_large_image\" \/>\n<meta name=\"twitter:label1\" content=\"Est. reading time\" \/>\n\t<meta name=\"twitter:data1\" content=\"1 minute\" \/>\n<script type=\"application\/ld+json\" class=\"yoast-schema-graph\">{\"@context\":\"https:\/\/schema.org\",\"@graph\":[{\"@type\":\"WebPage\",\"@id\":\"https:\/\/www.estri.fr\/en\/our-team\/\",\"url\":\"https:\/\/www.estri.fr\/en\/our-team\/\",\"name\":\"Our team - ESTRI - School for international careers\",\"isPartOf\":{\"@id\":\"https:\/\/www.estri.fr\/en\/#website\"},\"primaryImageOfPage\":{\"@id\":\"https:\/\/www.estri.fr\/en\/our-team\/#primaryimage\"},\"image\":{\"@id\":\"https:\/\/www.estri.fr\/en\/our-team\/#primaryimage\"},\"thumbnailUrl\":\"https:\/\/www.estri.fr\/wp-content\/uploads\/sites\/17\/2021\/10\/page_notreequipe-1920x576.jpg\",\"datePublished\":\"2019-11-13T11:14:25+00:00\",\"dateModified\":\"2022-03-29T09:36:35+00:00\",\"breadcrumb\":{\"@id\":\"https:\/\/www.estri.fr\/en\/our-team\/#breadcrumb\"},\"inLanguage\":\"en-US\",\"potentialAction\":[{\"@type\":\"ReadAction\",\"target\":[\"https:\/\/www.estri.fr\/en\/our-team\/\"]}]},{\"@type\":\"ImageObject\",\"inLanguage\":\"en-US\",\"@id\":\"https:\/\/www.estri.fr\/en\/our-team\/#primaryimage\",\"url\":\"https:\/\/www.estri.fr\/wp-content\/uploads\/sites\/17\/2021\/10\/page_notreequipe-1920x576.jpg\",\"contentUrl\":\"https:\/\/www.estri.fr\/wp-content\/uploads\/sites\/17\/2021\/10\/page_notreequipe-1920x576.jpg\",\"width\":1920,\"height\":1280,\"caption\":\"Notre \u00e9quipe encadrante et p\u00e9dagogique\"},{\"@type\":\"BreadcrumbList\",\"@id\":\"https:\/\/www.estri.fr\/en\/our-team\/#breadcrumb\",\"itemListElement\":[{\"@type\":\"ListItem\",\"position\":1,\"name\":\"Accueil\",\"item\":\"https:\/\/www.estri.fr\/en\/\"},{\"@type\":\"ListItem\",\"position\":2,\"name\":\"Our team\"}]},{\"@type\":\"WebSite\",\"@id\":\"https:\/\/www.estri.fr\/en\/#website\",\"url\":\"https:\/\/www.estri.fr\/en\/\",\"name\":\"ESTRI - School for international careers\",\"description\":\"&lt;h1&gt;ESTRI School for international careers&lt;\/h1&gt;\",\"publisher\":{\"@id\":\"https:\/\/www.estri.fr\/en\/#organization\"},\"potentialAction\":[{\"@type\":\"SearchAction\",\"target\":{\"@type\":\"EntryPoint\",\"urlTemplate\":\"https:\/\/www.estri.fr\/en\/?s={search_term_string}\"},\"query-input\":{\"@type\":\"PropertyValueSpecification\",\"valueRequired\":true,\"valueName\":\"search_term_string\"}}],\"inLanguage\":\"en-US\"},{\"@type\":\"Organization\",\"@id\":\"https:\/\/www.estri.fr\/en\/#organization\",\"name\":\"ESTRI\",\"url\":\"https:\/\/www.estri.fr\/en\/\",\"logo\":{\"@type\":\"ImageObject\",\"inLanguage\":\"en-US\",\"@id\":\"https:\/\/www.estri.fr\/en\/#\/schema\/logo\/image\/\",\"url\":\"https:\/\/www.estri.fr\/wp-content\/uploads\/sites\/17\/2019\/11\/logo-estri.svg\",\"contentUrl\":\"https:\/\/www.estri.fr\/wp-content\/uploads\/sites\/17\/2019\/11\/logo-estri.svg\",\"caption\":\"ESTRI\"},\"image\":{\"@id\":\"https:\/\/www.estri.fr\/en\/#\/schema\/logo\/image\/\"}}]}<\/script>\n<!-- \/ Yoast SEO plugin. -->","yoast_head_json":{"title":"Our team - ESTRI - School for international careers","robots":{"index":"index","follow":"follow","max-snippet":"max-snippet:-1","max-image-preview":"max-image-preview:large","max-video-preview":"max-video-preview:-1"},"canonical":"https:\/\/www.estri.fr\/en\/our-team\/","og_locale":"en_US","og_type":"article","og_title":"Our team - ESTRI - School for international careers","og_description":"BoardDominique VINAY, DirectorVanessa ELETTO, Deputy DirectorAli MOSTFA, Director of the University PartnershipsAcademyFr\u00e9d\u00e9rique THEPAULT, undergraduate programme OfficerFrancesco GIANNETTO, graduate programme OfficerLaura NOSENGO, complementary languages OfficerProgrammesAhlam [&hellip;]","og_url":"https:\/\/www.estri.fr\/en\/our-team\/","og_site_name":"ESTRI - School for international careers","article_modified_time":"2022-03-29T09:36:35+00:00","og_image":[{"width":1920,"height":1280,"url":"https:\/\/www.estri.fr\/wp-content\/uploads\/sites\/17\/2021\/10\/page_notreequipe-1920x576.jpg","type":"image\/jpeg"}],"twitter_card":"summary_large_image","twitter_misc":{"Est. reading time":"1 minute"},"schema":{"@context":"https:\/\/schema.org","@graph":[{"@type":"WebPage","@id":"https:\/\/www.estri.fr\/en\/our-team\/","url":"https:\/\/www.estri.fr\/en\/our-team\/","name":"Our team - ESTRI - School for international careers","isPartOf":{"@id":"https:\/\/www.estri.fr\/en\/#website"},"primaryImageOfPage":{"@id":"https:\/\/www.estri.fr\/en\/our-team\/#primaryimage"},"image":{"@id":"https:\/\/www.estri.fr\/en\/our-team\/#primaryimage"},"thumbnailUrl":"https:\/\/www.estri.fr\/wp-content\/uploads\/sites\/17\/2021\/10\/page_notreequipe-1920x576.jpg","datePublished":"2019-11-13T11:14:25+00:00","dateModified":"2022-03-29T09:36:35+00:00","breadcrumb":{"@id":"https:\/\/www.estri.fr\/en\/our-team\/#breadcrumb"},"inLanguage":"en-US","potentialAction":[{"@type":"ReadAction","target":["https:\/\/www.estri.fr\/en\/our-team\/"]}]},{"@type":"ImageObject","inLanguage":"en-US","@id":"https:\/\/www.estri.fr\/en\/our-team\/#primaryimage","url":"https:\/\/www.estri.fr\/wp-content\/uploads\/sites\/17\/2021\/10\/page_notreequipe-1920x576.jpg","contentUrl":"https:\/\/www.estri.fr\/wp-content\/uploads\/sites\/17\/2021\/10\/page_notreequipe-1920x576.jpg","width":1920,"height":1280,"caption":"Notre \u00e9quipe encadrante et p\u00e9dagogique"},{"@type":"BreadcrumbList","@id":"https:\/\/www.estri.fr\/en\/our-team\/#breadcrumb","itemListElement":[{"@type":"ListItem","position":1,"name":"Accueil","item":"https:\/\/www.estri.fr\/en\/"},{"@type":"ListItem","position":2,"name":"Our team"}]},{"@type":"WebSite","@id":"https:\/\/www.estri.fr\/en\/#website","url":"https:\/\/www.estri.fr\/en\/","name":"ESTRI - School for international careers","description":"&lt;h1&gt;ESTRI School for international careers&lt;\/h1&gt;","publisher":{"@id":"https:\/\/www.estri.fr\/en\/#organization"},"potentialAction":[{"@type":"SearchAction","target":{"@type":"EntryPoint","urlTemplate":"https:\/\/www.estri.fr\/en\/?s={search_term_string}"},"query-input":{"@type":"PropertyValueSpecification","valueRequired":true,"valueName":"search_term_string"}}],"inLanguage":"en-US"},{"@type":"Organization","@id":"https:\/\/www.estri.fr\/en\/#organization","name":"ESTRI","url":"https:\/\/www.estri.fr\/en\/","logo":{"@type":"ImageObject","inLanguage":"en-US","@id":"https:\/\/www.estri.fr\/en\/#\/schema\/logo\/image\/","url":"https:\/\/www.estri.fr\/wp-content\/uploads\/sites\/17\/2019\/11\/logo-estri.svg","contentUrl":"https:\/\/www.estri.fr\/wp-content\/uploads\/sites\/17\/2019\/11\/logo-estri.svg","caption":"ESTRI"},"image":{"@id":"https:\/\/www.estri.fr\/en\/#\/schema\/logo\/image\/"}}]}},"_links":{"self":[{"href":"https:\/\/www.estri.fr\/en\/wp-json\/wp\/v2\/pages\/2699","targetHints":{"allow":["GET"]}}],"collection":[{"href":"https:\/\/www.estri.fr\/en\/wp-json\/wp\/v2\/pages"}],"about":[{"href":"https:\/\/www.estri.fr\/en\/wp-json\/wp\/v2\/types\/page"}],"author":[{"embeddable":true,"href":"https:\/\/www.estri.fr\/en\/wp-json\/wp\/v2\/users\/35"}],"replies":[{"embeddable":true,"href":"https:\/\/www.estri.fr\/en\/wp-json\/wp\/v2\/comments?post=2699"}],"version-history":[{"count":5,"href":"https:\/\/www.estri.fr\/en\/wp-json\/wp\/v2\/pages\/2699\/revisions"}],"predecessor-version":[{"id":25853,"href":"https:\/\/www.estri.fr\/en\/wp-json\/wp\/v2\/pages\/2699\/revisions\/25853"}],"wp:featuredmedia":[{"embeddable":true,"href":"https:\/\/www.estri.fr\/en\/wp-json\/wp\/v2\/media\/20074"}],"wp:attachment":[{"href":"https:\/\/www.estri.fr\/en\/wp-json\/wp\/v2\/media?parent=2699"}],"curies":[{"name":"wp","href":"https:\/\/api.w.org\/{rel}","templated":true}]}}